{"id":232,"date":"2025-10-28T10:56:26","date_gmt":"2025-10-28T13:56:26","guid":{"rendered":"https:\/\/www.kvaelectric.com.br\/novo\/?page_id=232"},"modified":"2025-10-28T11:01:36","modified_gmt":"2025-10-28T14:01:36","slug":"manutencao","status":"publish","type":"page","link":"https:\/\/www.kvaelectric.com.br\/novo\/","title":{"rendered":"Estamos em Manuten\u00e7\u00e3o"},"content":{"rendered":"\t\t<div data-elementor-type=\"wp-page\" data-elementor-id=\"232\" class=\"elementor elementor-232\" data-elementor-post-type=\"page\">\n\t\t\t\t<div class=\"elementor-element elementor-element-7227440 e-flex e-con-boxed e-con e-parent\" data-id=\"7227440\" data-element_type=\"container\" data-settings=\"{&quot;background_background&quot;:&quot;classic&quot;}\">\n\t\t\t\t\t<div class=\"e-con-inner\">\n\t\t\t\t<div class=\"elementor-element elementor-element-784776f0 elementor-widget elementor-widget-heading\" data-id=\"784776f0\" data-element_type=\"widget\" data-widget_type=\"heading.default\">\n\t\t\t\t<div class=\"elementor-widget-container\">\n\t\t\t\t\t<h6 class=\"elementor-heading-title elementor-size-default\">siite em  manuten\u00e7\u00e3o <\/h6>\t\t\t\t<\/div>\n\t\t\t\t<\/div>\n\t\t\t\t<div class=\"elementor-element elementor-element-32f5f9f elementor-widget elementor-widget-image\" data-id=\"32f5f9f\" data-element_type=\"widget\" data-widget_type=\"image.default\">\n\t\t\t\t<div class=\"elementor-widget-container\">\n\t\t\t\t\t\t\t\t\t\t\t\t\t\t\t<img fetchpriority=\"high\" decoding=\"async\" width=\"433\" height=\"500\" src=\"https:\/\/www.kvaelectric.com.br\/novo\/wp-content\/uploads\/2023\/03\/KVA-ELETRIC_ronie-ver-433x500-1.jpg\" class=\"attachment-large size-large wp-image-159\" alt=\"\" srcset=\"https:\/\/www.kvaelectric.com.br\/novo\/wp-content\/uploads\/2023\/03\/KVA-ELETRIC_ronie-ver-433x500-1.jpg 433w, https:\/\/www.kvaelectric.com.br\/novo\/wp-content\/uploads\/2023\/03\/KVA-ELETRIC_ronie-ver-433x500-1-260x300.jpg 260w\" sizes=\"(max-width: 433px) 100vw, 433px\" \/>\t\t\t\t\t\t\t\t\t\t\t\t\t\t\t<\/div>\n\t\t\t\t<\/div>\n\t\t\t\t<div class=\"elementor-element elementor-element-37351b45 elementor-widget elementor-widget-heading\" data-id=\"37351b45\" data-element_type=\"widget\" data-widget_type=\"heading.default\">\n\t\t\t\t<div class=\"elementor-widget-container\">\n\t\t\t\t\t<h1 class=\"elementor-heading-title elementor-size-default\">Informamos que o site est\u00e1 temporariamente fora do ar para manuten\u00e7\u00f5es programadas.<\/h1>\t\t\t\t<\/div>\n\t\t\t\t<\/div>\n\t\t\t\t<div class=\"elementor-element elementor-element-7f243063 elementor-widget elementor-widget-heading\" data-id=\"7f243063\" data-element_type=\"widget\" data-widget_type=\"heading.default\">\n\t\t\t\t<div class=\"elementor-widget-container\">\n\t\t\t\t\t<h5 class=\"elementor-heading-title elementor-size-default\">Estamos trabalhando para voltar em breve, ainda mais fortes e prontos para ser sua refer\u00eancia em engenharia el\u00e9trica! Nossos servi\u00e7os de consultoria, projetos de posto de transforma\u00e7\u00e3o, termografia, rebobinagem de motores, manuten\u00e7\u00e3o de cabines prim\u00e1rias e de rede de m\u00e9dia tens\u00e3o continuam a todo vapor.<\/h5>\t\t\t\t<\/div>\n\t\t\t\t<\/div>\n\t\t\t\t<div class=\"elementor-element elementor-element-7c5eb880 elementor-align-center elementor-button-info elementor-widget elementor-widget-button\" data-id=\"7c5eb880\" data-element_type=\"widget\" data-widget_type=\"button.default\">\n\t\t\t\t<div class=\"elementor-widget-container\">\n\t\t\t\t\t\t\t\t\t<div class=\"elementor-button-wrapper\">\n\t\t\t\t\t<a class=\"elementor-button elementor-button-link elementor-size-sm\" href=\"https:\/\/wa.me\/5543999871119\" target=\"_blank\">\n\t\t\t\t\t\t<span class=\"elementor-button-content-wrapper\">\n\t\t\t\t\t\t<span class=\"elementor-button-icon\">\n\t\t\t\t<svg aria-hidden=\"true\" class=\"e-font-icon-svg e-fab-whatsapp-square\" viewBox=\"0 0 448 512\" xmlns=\"http:\/\/www.w3.org\/2000\/svg\"><path d=\"M224 122.8c-72.7 0-131.8 59.1-131.9 131.8 0 24.9 7 49.2 20.2 70.1l3.1 5-13.3 48.6 49.9-13.1 4.8 2.9c20.2 12 43.4 18.4 67.1 18.4h.1c72.6 0 133.3-59.1 133.3-131.8 0-35.2-15.2-68.3-40.1-93.2-25-25-58-38.7-93.2-38.7zm77.5 188.4c-3.3 9.3-19.1 17.7-26.7 18.8-12.6 1.9-22.4.9-47.5-9.9-39.7-17.2-65.7-57.2-67.7-59.8-2-2.6-16.2-21.5-16.2-41s10.2-29.1 13.9-33.1c3.6-4 7.9-5 10.6-5 2.6 0 5.3 0 7.6.1 2.4.1 5.7-.9 8.9 6.8 3.3 7.9 11.2 27.4 12.2 29.4s1.7 4.3.3 6.9c-7.6 15.2-15.7 14.6-11.6 21.6 15.3 26.3 30.6 35.4 53.9 47.1 4 2 6.3 1.7 8.6-1 2.3-2.6 9.9-11.6 12.5-15.5 2.6-4 5.3-3.3 8.9-2 3.6 1.3 23.1 10.9 27.1 12.9s6.6 3 7.6 4.6c.9 1.9.9 9.9-2.4 19.1zM400 32H48C21.5 32 0 53.5 0 80v352c0 26.5 21.5 48 48 48h352c26.5 0 48-21.5 48-48V80c0-26.5-21.5-48-48-48zM223.9 413.2c-26.6 0-52.7-6.7-75.8-19.3L64 416l22.5-82.2c-13.9-24-21.2-51.3-21.2-79.3C65.4 167.1 136.5 96 223.9 96c42.4 0 82.2 16.5 112.2 46.5 29.9 30 47.9 69.8 47.9 112.2 0 87.4-72.7 158.5-160.1 158.5z\"><\/path><\/svg>\t\t\t<\/span>\n\t\t\t\t\t\t\t\t\t<span class=\"elementor-button-text\">Contate-nos<\/span>\n\t\t\t\t\t<\/span>\n\t\t\t\t\t<\/a>\n\t\t\t\t<\/div>\n\t\t\t\t\t\t\t\t<\/div>\n\t\t\t\t<\/div>\n\t\t\t\t<div class=\"elementor-element elementor-element-6fd057a elementor-widget elementor-widget-text-editor\" data-id=\"6fd057a\" data-element_type=\"widget\" data-widget_type=\"text-editor.default\">\n\t\t\t\t<div class=\"elementor-widget-container\">\n\t\t\t\t\t\t\t\t\t<p style=\"text-align: center;\">Celular +55 43 99987-1119 +55 43 98805-7221 E-mail contato@kvaelectric.com.br Endere\u00e7o Rua Bandeirantes, 225 Sala 03 \u2013 Centro \u2013 Andir\u00e1 \u2013 PR<\/p>\t\t\t\t\t\t\t\t<\/div>\n\t\t\t\t<\/div>\n\t\t\t\t\t<\/div>\n\t\t\t\t<\/div>\n\t\t\t\t<\/div>\n\t\t","protected":false},"excerpt":{"rendered":"<p>siite em manuten\u00e7\u00e3o Informamos que o site est\u00e1 temporariamente fora do ar para manuten\u00e7\u00f5es programadas. Estamos trabalhando para voltar em breve, ainda mais fortes e prontos para ser sua refer\u00eancia em engenharia el\u00e9trica! Nossos servi\u00e7os de consultoria, projetos de posto de transforma\u00e7\u00e3o, termografia, rebobinagem de motores, manuten\u00e7\u00e3o de cabines prim\u00e1rias e de rede de m\u00e9dia [&hellip;]<\/p>\n","protected":false},"author":1,"featured_media":0,"parent":0,"menu_order":0,"comment_status":"closed","ping_status":"closed","template":"elementor_canvas","meta":{"footnotes":""},"class_list":["post-232","page","type-page","status-publish","hentry"],"_links":{"self":[{"href":"https:\/\/www.kvaelectric.com.br\/novo\/wp-json\/wp\/v2\/pages\/232","targetHints":{"allow":["GET"]}}],"collection":[{"href":"https:\/\/www.kvaelectric.com.br\/novo\/wp-json\/wp\/v2\/pages"}],"about":[{"href":"https:\/\/www.kvaelectric.com.br\/novo\/wp-json\/wp\/v2\/types\/page"}],"author":[{"embeddable":true,"href":"https:\/\/www.kvaelectric.com.br\/novo\/wp-json\/wp\/v2\/users\/1"}],"replies":[{"embeddable":true,"href":"https:\/\/www.kvaelectric.com.br\/novo\/wp-json\/wp\/v2\/comments?post=232"}],"version-history":[{"count":5,"href":"https:\/\/www.kvaelectric.com.br\/novo\/wp-json\/wp\/v2\/pages\/232\/revisions"}],"predecessor-version":[{"id":241,"href":"https:\/\/www.kvaelectric.com.br\/novo\/wp-json\/wp\/v2\/pages\/232\/revisions\/241"}],"wp:attachment":[{"href":"https:\/\/www.kvaelectric.com.br\/novo\/wp-json\/wp\/v2\/media?parent=232"}],"curies":[{"name":"wp","href":"https:\/\/api.w.org\/{rel}","templated":true}]}}